{"id":44,"date":"2016-04-26T17:00:11","date_gmt":"2016-04-26T16:00:11","guid":{"rendered":"http:\/\/2lautcote.be\/?page_id=44"},"modified":"2025-05-20T10:52:24","modified_gmt":"2025-05-20T08:52:24","slug":"2lautcote","status":"publish","type":"page","link":"http:\/\/2lautcote.be\/index.php\/2lautcote\/","title":{"rendered":"2 l&rsquo;Aut&rsquo;C\u00f4t\u00e9"},"content":{"rendered":"<div class=\"myButton\"><strong><img decoding=\"async\" style=\"vertical-align: middle;\" src=\"http:\/\/www.24hmouscron.be\/\/images\/icon_mail.png\" \/>\u00a0\u00a0Newsletter<\/strong><\/div>\n<h2 style=\"text-align: left;\">Notre ASBL<\/h2>\n<p><img loading=\"lazy\" decoding=\"async\" class=\"wp-image-5172 aligncenter\" src=\"http:\/\/2lautcote.be\/wp-content\/uploads\/2024\/06\/2lautcote_charte-724x1024.png\" alt=\"\" width=\"559\" height=\"791\" \/><\/p>\n<p>en photos&#8230;<\/p>\nngg_shortcode_0_placeholder\n<p style=\"text-align: justify;\"><strong>Espace Citoyen ASBL<\/strong><\/p>\n<p style=\"text-align: justify;\">N\u00e9 sous le nom de CTL (Culture Tourisme Loisirs), un mouvement d\u2019\u00e9ducation permanente moderne qui a une histoire &#8230;<\/p>\n<p style=\"text-align: justify;\"><strong>En 1976<\/strong>, une \u00e9quipe militante, compos\u00e9e de b\u00e9n\u00e9voles regroup\u00e9s autour d\u2019un permanent anime un lieu mythique de rencontre(s) \u00e0 Mouscron : le caf\u00e9 \u00ab\u00a0Le P\u2019tit Coin\u00a0\u00bb au 30, rue du Midi, o\u00f9 sont organis\u00e9s des spectacles, des expositions, des ateliers, des projections de film, des conf\u00e9rences et qui accueille le studio de la premi\u00e8re radio libre de Mouscron \u00ab\u00a0Radio Qui Chifel\u00a0\u00bb.<\/p>\n<p><strong>En 1979<\/strong>, le CTL met pour la premi\u00e8re fois sur pied une activit\u00e9 novatrice et grand public et appel\u00e9e \u00e0 un bel avenir : \u00ab\u00a0Les 24 heures de course libre\u00a0\u00bb autour de la Plaine de Neckere.<\/p>\n<p style=\"text-align: justify;\"><strong>En 1993<\/strong>, l\u2019asbl rebaptis\u00e9e ESPACE CITOYEN du CTL, est \u00e0 pr\u00e9sent constitu\u00e9e d\u2019une \u00e9quipe \u00e9largie et rajeunie, form\u00e9e exclusivement de b\u00e9n\u00e9voles motiv\u00e9s et remplis d\u2019enthousiasme.<br \/>\nLe groupe participe d\u00e8s son d\u00e9but \u00e0 la cr\u00e9ation de la nouvelle Maison de la Culture de Mouscron.<\/p>\n<p style=\"text-align: justify;\"><strong>En 1998<\/strong>, un nouveau lieu est cr\u00e9\u00e9 : \u00ab\u00a0De L\u2019Aut\u2019C\u00f4t\u00e9\u00a0\u00bb (Rue des Brasseurs, 21b), un caf\u00e9, des salles de r\u00e9union, un lieu de convivialit\u00e9 ouvert \u00e0 tous.<br \/>\nExposition, spectacles, conf\u00e9rences, d\u00e9bats et ateliers y sont organis\u00e9s tr\u00e8s r\u00e9guli\u00e8rement. Plusieurs groupes ext\u00e9rieurs y sont accueillis pour tenir r\u00e9unions et activit\u00e9s (Oxfam, Cartafana, ..).<\/p>\n<p style=\"text-align: justify;\">Les recherches et la r\u00e9flexion sur les solutions \u00e0 apporter aux probl\u00e8mes li\u00e9s \u00e0 l\u2019\u00e9cologie ainsi qu\u2019\u00e0 la solidarit\u00e9 entre les populations du Nord et du Sud constituent les constants moteurs des multiples activit\u00e9s du groupe.<\/p>\n<p><strong>En 2009<\/strong>, apr\u00e8s adaptation de ses statuts et sur base des nombreuses activit\u00e9s organis\u00e9es, l\u2019ASBL a \u00e9t\u00e9 reconnue par la F\u00e9d\u00e9ration Wallonie Bruxelles comme une ASBL d\u2019Education Permamente active dans la d\u00e9marche humanitaire de solidarit\u00e9 Nord-Sud.<\/p>\n<p><strong>En 2016<\/strong>, cr\u00e9ation du nouveau lieu \u00ab\u00a02l&rsquo;Aut C\u00f4t\u00e9\u00a0\u00bb, rue St Pierre (anciennement Tousport), pemettant la poursuite des activit\u00e9s d&rsquo;\u00e9ducation permanente et culturelles, tout en pouvant \u00e9largir les horizons: nouvelles activit\u00e9s, mis \u00e0 disposition du lieu \u00e0 des nouvelles associations (comme Amnesty International, par exemple),&#8230; D&rsquo;autre part, le fait de disposer d&rsquo;un \u00e9cran g\u00e9ant permet l&rsquo;organisation de s\u00e9ances th\u00e9matiques autour de fims ou vid\u00e9os en rapport avec nos \u00ab\u00a0missions\u00a0\u00bb.<\/p>\n<p style=\"text-align: justify;\"><strong>Deux activit\u00e9s phares<\/strong><\/p>\n<p style=\"text-align: justify;\">&#8211; La mise sur pied des <strong>Tables des Rois Mages<\/strong> (3\u00e8me week-end de d\u00e9cembre) , march\u00e9 de No\u00ebl alternatif et solidaire au profit de diverses associations pr\u00e9sentes avec un stand, et dans la continuit\u00e9 de la Marche aux flambeaux d&rsquo;Amnesty International, organis\u00e9e traditionnellement autour du 10 d\u00e9cembre.<\/p>\n<p>&#8211; L\u2019organisation des \u00ab\u00a0<strong>24 heures de Course Libre de Mouscron<\/strong>\u00a0\u00bb (le dernier week-end de septembre) \u00e0 la plaine de Neckere , une activit\u00e9 et un lieu qui sont devenus mythiques aux yeux de tous les Mouscronnois. Les courses, les concerts et le village associatif attirent chaque ann\u00e9e plus de 10.000 visiteurs et constituent, une int\u00e9ressante vitrine pour de tr\u00e8s nombreux mouvements associatifs et d&rsquo;\u00e9ducation permanente de la r\u00e9gion.<br \/>\nLes 24 Heures, soutiennent aussi plus particuli\u00e8rement, divers projets de d\u00e9veloppement dans les \u00ab\u00a0Pays du Sud\u00a0\u00bb.<br \/>\n<strong>Voir toutes les infos sur <a href=\"http:\/\/www.24hmouscron.be\/\" target=\"blank\" rel=\"noopener\">24hmouscron.be<\/a><\/strong><\/p>\n<h5><strong>Les horaires : <\/strong><strong><br \/>\n<\/strong><\/h5>\n<table width=\"100%\">\n<tbody>\n<tr>\n<td align=\"center\" bgcolor=\"#7FAAFF\"><span style=\"color: #003366;\"><strong>Mercredi<\/strong><\/span><br \/>\n<span style=\"color: #003366;\"><strong> de 17h \u00e0 22h<\/strong><\/span><\/td>\n<td align=\"center\" bgcolor=\"#FFFFAA\"><span style=\"color: #003366;\"><strong>Vendredi<\/strong><\/span><br \/>\n<span style=\"color: #003366;\"><strong> de 18h \u00e0 23h<\/strong><\/span><\/td>\n<td align=\"center\" bgcolor=\"#FFD4D4\"><span style=\"color: #003366;\"><strong>Dimanche<\/strong><\/span><br \/>\n<span style=\"color: #003366;\"><strong> de 17h \u00e0 21h<\/strong><\/span><\/td>\n<\/tr>\n<\/tbody>\n<\/table>\n<p><a href=\"https:\/\/www.instagram.com\/2lautcote\" target=\"_blank\" rel=\"noopener\"><img decoding=\"async\" style=\"margin-top: 5px; margin-right: 10px;\" title=\"\" src=\"http:\/\/2lautcote.be\/wp-content\/uploads\/2024\/04\/instagram_carre.png\" alt=\"\" width=\"40\" align=\"left\" \/> Retrouvez-nous sur <b>Instagram<\/b><br \/>\nhttps:\/\/www.instagram.com\/2lautcote<\/a><\/p>\n<p><a href=\"https:\/\/www.facebook.com\/2lautcote\/\" target=\"_blank\" rel=\"noopener\"><img decoding=\"async\" style=\"margin-top: 5px; margin-right: 10px;\" title=\"\" src=\"http:\/\/2lautcote.be\/wp-content\/uploads\/2016\/09\/facebook_carre.png\" alt=\"\" width=\"40\" align=\"left\" \/> Retrouvez-nous aussi sur <b>Facebook<\/b><br \/>\nhttps:\/\/www.facebook.com\/2lautcote\/<\/a><\/p>\n<p><center><iframe loading=\"lazy\" style=\"border: none; overflow: hidden;\" src=\"https:\/\/www.facebook.com\/plugins\/page.php?href=https%3A%2F%2Fwww.facebook.com%2F2lautcote%2F&amp;width=500&amp;height=250&amp;small_header=true&amp;adapt_container_width=true&amp;hide_cover=false&amp;show_facepile=false&amp;appId\" width=\"500\" height=\"80\" frameborder=\"0\" scrolling=\"no\"><\/iframe><\/center><center>\u00a0<\/center><iframe loading=\"lazy\" style=\"border: none; overflow: hidden;\" src=\"https:\/\/www.facebook.com\/plugins\/post.php?href=https%3A%2F%2Fwww.facebook.com%2F2lautcote%2Fposts%2Fpfbid02vqQBkLMuDauRyVK6x6xnRSBeU5bnf9b6Giky3h73494qdfcCcS2wVj7vkKxBbR8rl&amp;show_text=true&amp;width=500\" width=\"500\" height=\"690\" frameborder=\"0\" scrolling=\"no\" allowfullscreen=\"allowfullscreen\"><\/iframe><\/p>\n<div class=\"myButton\"><strong><img decoding=\"async\" style=\"vertical-align: middle;\" src=\"http:\/\/www.24hmouscron.be\/\/images\/icon_mail.png\" \/>\u00a0\u00a0Newsletter<\/strong><\/div>\n<p><iframe loading=\"lazy\" style=\"border: 0;\" src=\"https:\/\/www.google.com\/maps\/embed?pb=!1m14!1m8!1m3!1d530.7682976206881!2d3.214094072546477!3d50.74268517980147!3m2!1i1024!2i768!4f13.1!3m3!1m2!1s0x0%3A0x4739fdd9523d6c03!2zMiBMJ2F1dCBDw7R0w6k!5e0!3m2!1sfr!2sus!4v1493976539644\" width=\"100%\" height=\"450\" frameborder=\"0\" allowfullscreen=\"allowfullscreen\"><\/iframe><\/p>\n<p><strong>Nous contacter :<\/strong><br \/>\n<div class=\"wpcf7 no-js\" id=\"wpcf7-f1065-o1\" lang=\"fr-FR\" dir=\"ltr\">\n<div class=\"screen-reader-response\"><p role=\"status\" aria-live=\"polite\" aria-atomic=\"true\"><\/p> <ul><\/ul><\/div>\n<form action=\"\/index.php\/wp-json\/wp\/v2\/pages\/44#wpcf7-f1065-o1\" method=\"post\" class=\"wpcf7-form init\" aria-label=\"Formulaire de contact\" novalidate=\"novalidate\" data-status=\"init\">\n<div style=\"display: none;\">\n<input type=\"hidden\" name=\"_wpcf7\" value=\"1065\" \/>\n<input type=\"hidden\" name=\"_wpcf7_version\" value=\"5.7.2\" \/>\n<input type=\"hidden\" name=\"_wpcf7_locale\" value=\"fr_FR\" \/>\n<input type=\"hidden\" name=\"_wpcf7_unit_tag\" value=\"wpcf7-f1065-o1\" \/>\n<input type=\"hidden\" name=\"_wpcf7_container_post\" value=\"0\" \/>\n<input type=\"hidden\" name=\"_wpcf7_posted_data_hash\" value=\"\" \/>\n<\/div>\n<p><label> Votre nom<br \/>\n<span class=\"wpcf7-form-control-wrap\" data-name=\"your-name\"><input size=\"40\" class=\"wpcf7-form-control wpcf7-text wpcf7-validates-as-required\" aria-required=\"true\" aria-invalid=\"false\" value=\"\" type=\"text\" name=\"your-name\" \/><\/span> <\/label><br \/>\n<label> Votre e-mail<br \/>\n<span class=\"wpcf7-form-control-wrap\" data-name=\"your-email\"><input size=\"40\" class=\"wpcf7-form-control wpcf7-text wpcf7-email wpcf7-validates-as-required wpcf7-validates-as-email\" aria-required=\"true\" aria-invalid=\"false\" value=\"\" type=\"email\" name=\"your-email\" \/><\/span> <\/label><br \/>\n<label> Sujet<br \/>\n<span class=\"wpcf7-form-control-wrap\" data-name=\"your-subject\"><input size=\"40\" class=\"wpcf7-form-control wpcf7-text wpcf7-validates-as-required\" aria-required=\"true\" aria-invalid=\"false\" value=\"\" type=\"text\" name=\"your-subject\" \/><\/span> <\/label><br \/>\n<label> Votre message<br \/>\n<span class=\"wpcf7-form-control-wrap\" data-name=\"your-message\"><textarea cols=\"40\" rows=\"10\" class=\"wpcf7-form-control wpcf7-textarea wpcf7-validates-as-required\" aria-required=\"true\" aria-invalid=\"false\" name=\"your-message\"><\/textarea><\/span> <\/label><br \/>\n<input class=\"wpcf7-form-control has-spinner wpcf7-submit\" type=\"submit\" value=\"Envoyer\" \/>\n<\/p><div class=\"wpcf7-response-output\" aria-hidden=\"true\"><\/div><\/form><\/div><\/p>\n","protected":false},"excerpt":{"rendered":"<p>\u00a0\u00a0Newsletter Notre ASBL en photos&#8230; Espace Citoyen ASBL N\u00e9 sous le nom de CTL (Culture Tourisme&hellip;<\/p>\n","protected":false},"author":1,"featured_media":4,"parent":0,"menu_order":0,"comment_status":"closed","ping_status":"closed","template":"","meta":{"ngg_post_thumbnail":0,"footnotes":""},"class_list":["post-44","page","type-page","status-publish","has-post-thumbnail","hentry"],"_links":{"self":[{"href":"http:\/\/2lautcote.be\/index.php\/wp-json\/wp\/v2\/pages\/44","targetHints":{"allow":["GET"]}}],"collection":[{"href":"http:\/\/2lautcote.be\/index.php\/wp-json\/wp\/v2\/pages"}],"about":[{"href":"http:\/\/2lautcote.be\/index.php\/wp-json\/wp\/v2\/types\/page"}],"author":[{"embeddable":true,"href":"http:\/\/2lautcote.be\/index.php\/wp-json\/wp\/v2\/users\/1"}],"replies":[{"embeddable":true,"href":"http:\/\/2lautcote.be\/index.php\/wp-json\/wp\/v2\/comments?post=44"}],"version-history":[{"count":130,"href":"http:\/\/2lautcote.be\/index.php\/wp-json\/wp\/v2\/pages\/44\/revisions"}],"predecessor-version":[{"id":5919,"href":"http:\/\/2lautcote.be\/index.php\/wp-json\/wp\/v2\/pages\/44\/revisions\/5919"}],"wp:featuredmedia":[{"embeddable":true,"href":"http:\/\/2lautcote.be\/index.php\/wp-json\/wp\/v2\/media\/4"}],"wp:attachment":[{"href":"http:\/\/2lautcote.be\/index.php\/wp-json\/wp\/v2\/media?parent=44"}],"curies":[{"name":"wp","href":"https:\/\/api.w.org\/{rel}","templated":true}]}}