{"id":36,"date":"2016-04-26T16:56:57","date_gmt":"2016-04-26T15:56:57","guid":{"rendered":"http:\/\/2lautcote.be\/?page_id=36"},"modified":"2023-01-06T18:10:32","modified_gmt":"2023-01-06T17:10:32","slug":"les-assos","status":"publish","type":"page","link":"http:\/\/2lautcote.be\/index.php\/les-assos\/","title":{"rendered":"Les associations"},"content":{"rendered":"<h3>L&rsquo;ASBL espace Citoyen a pour objectifs :<\/h3>\n<ul>\n<li><strong><span style=\"color: #000000;\">de sensibiliser \u00e0 l&rsquo;action humanitaire<\/span><\/strong><\/li>\n<li><strong><span style=\"color: #000000;\">d&rsquo;initier et de conduire des projets humanitaires<\/span><\/strong><\/li>\n<li><strong><span style=\"color: #000000;\">d&rsquo;assurer une r\u00e9flexion sur les moyens qui rendent ceux-ci n\u00e9cessaires<\/span><\/strong><\/li>\n<\/ul>\n<p style=\"text-align: justify;\">Dans ce cadre l\u00e0, l&rsquo;ASBL espace Citoyen se r\u00e9uni tous les mois afin de mettre en place des activit\u00e9s qui permettent de faire vivre le lieu en accord avec nos objectifs d&rsquo;\u00e9ducation permanente reconnue par la F\u00e9d\u00e9ration Wallonie Bruxelles&nbsp;dans une dimension Nord-Sud<\/p>\n<p><img loading=\"lazy\" decoding=\"async\" class=\"size-medium wp-image-87 aligncenter\" src=\"http:\/\/2lautcote.be\/wp-content\/uploads\/2016\/04\/HORI_preview_HAUT-300x87.jpg\" alt=\"FWB_QUADRI_HORI\" width=\"300\" height=\"87\"><\/p>\n<h3>L&rsquo;ASBL espace citoyen accueille \u00e9galement en ses murs d&rsquo;autres associations.<\/h3>\n<p style=\"text-align: justify;\"><strong>Amnesty international<\/strong> (locale de Mouscron) :&nbsp;<a href=\"http:\/\/www.amnesty.be\/\" target=\"_blank\" rel=\"noopener\">www.amnesty.be<\/a><\/p>\n<p style=\"text-align: justify;\">Amnesty International est un mouvement international de personnes qui luttent pour les droits humains. Elle intervient au nom des victimes de violations de ses droits, en se basant sur une recherche impartiale et sur le droit international. L\u2019organisation est ind\u00e9pendante de tout gouvernement, id\u00e9ologie politique, int\u00e9r\u00eat \u00e9conomique ou religion.<\/p>\n<hr>\n<p style=\"text-align: justify;\"><strong>Ecolo Mouscron :<\/strong>&nbsp;<a href=\"http:\/\/www.mouscron.ecolo.be\/\" target=\"_blank\" rel=\"noopener\">www.mouscron.ecolo.be<\/a><\/p>\n<hr>\n<p style=\"text-align: justify;\"><strong>ASBL Cartafana<\/strong> :&nbsp;<a href=\"http:\/\/www.cartafana.be\/\" target=\"_blank\" rel=\"noopener\">www.cartafana.be<\/a><\/p>\n<p style=\"text-align: justify;\">Le cercle cartophile Cartafana a \u00e9t\u00e9 cr\u00e9\u00e9 en 1996 sous l\u2019impulsion de quelques passionn\u00e9s. Ceux-ci d\u00e9siraient avant tout rassembler dans un m\u00eame \u00ab\u00a0club\u00a0\u00bb toutes les personnes qui collectionnent des cartes postales anciennes, et notamment les cartes mouscronnoises !<\/p>\n<hr>\n<p><strong>Repair Caf\u00e9 Mouscron<\/strong>&nbsp;<a href=\"https:\/\/www.facebook.com\/repaircafemouscron\" target=\"_blank\" rel=\"noopener\">www.facebook.com\/repaircafemouscron<\/a><br \/>\n<a href=\"https:\/\/repairtogether.be\/group\/repair-cafe-mouscron\/\" target=\"_blank\" rel=\"noopener\">repairtogether.be\/group\/repair-cafe-mouscron\/<\/a><\/p>\n<p>Un pull trou\u00e9, un aspirateur qui ne fonctionne plus, un ordinateur qui devient lent\u2026 Ne jetez plus, venez apprendre \u00e0 le r\u00e9parer !<\/p>\n<p>Chaque 2\u00e8me jeudi du mois de 17 \u00e0 20h.<br \/>\nAteliers : \u00e9lectrom\u00e9nager-\u00e9lectronique, couture-tricot, informatique.<\/p>\n<p>Les b\u00e9n\u00e9voles vous accueilleront pour vous aider \u00e0 r\u00e9soudre vos petits soucis en \u00e9lectrom\u00e9nager, couture\/tricot, informatique. Participation libre mais souhait\u00e9e &#x1f601;<\/p>\n<p>Toute aide est la bienvenue, nous sommes toujours ouverts aux b\u00e9n\u00e9voles, r\u00e9parateurs ou non.<\/p>\n<hr>\n<p><strong>Gracq Mouscron<\/strong> <a href=\"https:\/\/www.facebook.com\/gracqmouscron\/\" target=\"_blank\" rel=\"noopener\">www.facebook.com\/gracqmouscron\/<\/a><br \/>\nE-mail : mouscron@gracq.org<\/p>\n<p>Le GRACQ \u2013 Groupe de Recherche et d\u2019Action des Cyclistes Quotidiens \u2013 repr\u00e9sente les usagers cyclistes en Belgique francophone et d\u00e9fend leurs int\u00e9r\u00eats. Le GRACQ est une association sans appartenance politique et sans but lucratif, mais c&rsquo;est aussi et surtout une association citoyenne, compos\u00e9e \u00e0 99% de b\u00e9n\u00e9voles.<br \/>\nLa locale du Gracq Mouscron se r\u00e9unit 4 fois par an. Le travail des b\u00e9n\u00e9voles a permis d&rsquo;obtenir de nombreuses avanc\u00e9es pour les cyclistes mouscronnois. Et il reste encore beaucoup \u00e0 faire.<\/p>\n<p>Envie de faire bouger les choses pour le v\u00e9lo \u00e0 Mouscron ? Rejoins-nous !<\/p>\n","protected":false},"excerpt":{"rendered":"<p>L&rsquo;ASBL espace Citoyen a pour objectifs : de sensibiliser \u00e0 l&rsquo;action humanitaire d&rsquo;initier et de conduire&hellip;<\/p>\n","protected":false},"author":1,"featured_media":0,"parent":0,"menu_order":0,"comment_status":"closed","ping_status":"closed","template":"","meta":{"ngg_post_thumbnail":0,"footnotes":""},"class_list":["post-36","page","type-page","status-publish","hentry"],"_links":{"self":[{"href":"http:\/\/2lautcote.be\/index.php\/wp-json\/wp\/v2\/pages\/36","targetHints":{"allow":["GET"]}}],"collection":[{"href":"http:\/\/2lautcote.be\/index.php\/wp-json\/wp\/v2\/pages"}],"about":[{"href":"http:\/\/2lautcote.be\/index.php\/wp-json\/wp\/v2\/types\/page"}],"author":[{"embeddable":true,"href":"http:\/\/2lautcote.be\/index.php\/wp-json\/wp\/v2\/users\/1"}],"replies":[{"embeddable":true,"href":"http:\/\/2lautcote.be\/index.php\/wp-json\/wp\/v2\/comments?post=36"}],"version-history":[{"count":22,"href":"http:\/\/2lautcote.be\/index.php\/wp-json\/wp\/v2\/pages\/36\/revisions"}],"predecessor-version":[{"id":4972,"href":"http:\/\/2lautcote.be\/index.php\/wp-json\/wp\/v2\/pages\/36\/revisions\/4972"}],"wp:attachment":[{"href":"http:\/\/2lautcote.be\/index.php\/wp-json\/wp\/v2\/media?parent=36"}],"curies":[{"name":"wp","href":"https:\/\/api.w.org\/{rel}","templated":true}]}}