{"id":33,"date":"2016-04-26T16:56:10","date_gmt":"2016-04-26T15:56:10","guid":{"rendered":"http:\/\/2lautcote.be\/?page_id=33"},"modified":"2016-08-24T08:51:38","modified_gmt":"2016-08-24T06:51:38","slug":"les-expos","status":"publish","type":"page","link":"http:\/\/2lautcote.be\/index.php\/les-expos\/","title":{"rendered":"Les ateliers"},"content":{"rendered":"<h1>L&rsquo;ASBL espace citoyen vous propose des ateliers !<\/h1>\n<h3>Tricoth\u00e9<\/h3>\n<p style=\"text-align: justify;\">Bient\u00f4t dans nos locaux !!!!\u00a0 L\u2019aut\u2019coth\u00e9 tricote !!!!<\/p>\n<p>Amoureux\/reuse du tricot ou du crochet, ou juste envie d\u2019essayer Charlotte et Marie-Jeanne vous proposent de les rejoindre \u00e0 \u00ab 2 l\u2019Aut\u2019C\u00f4t\u00e9 \u00bb tous les jeudis de 15h \u00e0 19h !<\/p>\n<p>Dans une ambiance chaleureuse et conviviale, elles vous proposent de venir muni de vos aiguilles pour \u00e9changer sur vos projets en cours ou futur.<\/p>\n<p>Vous \u00eates d\u00e9butant ? Aucuns soucis ! Elles vous montreront les bases et vous aideront \u00e0 trouver le projet qu\u2019il vous faut \u2026<\/p>\n<p>Confirm\u00e9 ? C\u2019est l\u2019occasion d\u2019\u00e9changer des id\u00e9es, des astuces, des projets\u2026.<\/p>\n<p>O\u00f9 : au caf\u00e9 2 l\u2019Aut\u2019C\u00f4t\u00e9<br \/>\nQuand : Tous les jeudis (sauf \u00e9v\u00e8nementiels)<br \/>\n\u00c0 quelle heure : de 15h \u00e0 19h<br \/>\nPrix : 1\u20ac la s\u00e9ance ; 2,50\u20ac le trimestre ou 10 \u20ac l\u2019ann\u00e9e (mat\u00e9riel et boisson non comprise)<br \/>\nRenseignement : <a href=\"mailto:charlotte@gh-vdm.be\" target=\"_blank\"><span class=\"il\">charlotte@gh-vdm.be<\/span><\/a> ou 0473 49 40 23<\/p>\n<p>&nbsp;<\/p>\n<h3>Repair Caf\u00e9<\/h3>\n<p>A venir&#8230;<\/p>\n<p>&nbsp;<\/p>\n<p>&nbsp;<\/p>\n","protected":false},"excerpt":{"rendered":"<p>L&rsquo;ASBL espace citoyen vous propose des ateliers ! Tricoth\u00e9 Bient\u00f4t dans nos locaux !!!!\u00a0 L\u2019aut\u2019coth\u00e9 tricote&hellip;<\/p>\n","protected":false},"author":1,"featured_media":0,"parent":0,"menu_order":0,"comment_status":"closed","ping_status":"closed","template":"","meta":{"ngg_post_thumbnail":0,"footnotes":""},"class_list":["post-33","page","type-page","status-publish","hentry"],"_links":{"self":[{"href":"http:\/\/2lautcote.be\/index.php\/wp-json\/wp\/v2\/pages\/33","targetHints":{"allow":["GET"]}}],"collection":[{"href":"http:\/\/2lautcote.be\/index.php\/wp-json\/wp\/v2\/pages"}],"about":[{"href":"http:\/\/2lautcote.be\/index.php\/wp-json\/wp\/v2\/types\/page"}],"author":[{"embeddable":true,"href":"http:\/\/2lautcote.be\/index.php\/wp-json\/wp\/v2\/users\/1"}],"replies":[{"embeddable":true,"href":"http:\/\/2lautcote.be\/index.php\/wp-json\/wp\/v2\/comments?post=33"}],"version-history":[{"count":7,"href":"http:\/\/2lautcote.be\/index.php\/wp-json\/wp\/v2\/pages\/33\/revisions"}],"predecessor-version":[{"id":465,"href":"http:\/\/2lautcote.be\/index.php\/wp-json\/wp\/v2\/pages\/33\/revisions\/465"}],"wp:attachment":[{"href":"http:\/\/2lautcote.be\/index.php\/wp-json\/wp\/v2\/media?parent=33"}],"curies":[{"name":"wp","href":"https:\/\/api.w.org\/{rel}","templated":true}]}}