{"id":31,"date":"2016-04-26T16:55:50","date_gmt":"2016-04-26T15:55:50","guid":{"rendered":"http:\/\/2lautcote.be\/?page_id=31"},"modified":"2017-11-22T11:00:29","modified_gmt":"2017-11-22T10:00:29","slug":"les-concerts","status":"publish","type":"page","link":"http:\/\/2lautcote.be\/index.php\/les-concerts\/","title":{"rendered":"Les concerts"},"content":{"rendered":"<p align=\"justify\">\u00ab\u00a0Afin de prolonger son aventure musicale annuelle durant le weekend des 24h tout en profitant au maximum de ses nouveaux murs\u2026 2 l\u2019Aut&rsquo;C\u00f4t\u00e9 se muera \u00e9pisodiquement en une salle de concert ouverte et curieuse \u00e0 la foi !<\/p>\n<p align=\"justify\">Dans un esprit de d\u00e9couverte \u2013 et bien entendu festif &#8211; L\u2019Espace Citoyen organisera, d\u00e8s septembre prochain, un concert bimestriel le vendredi soir pour entamer le weekend d\u2019excellente humeur.<\/p>\n<p align=\"justify\">Entre folk, rock, hip-hop ou encore\u00a0\u00e9lectro, la boussole des \u2018live\u2019 propos\u00e9s se d\u00e9placera au long de toutes les latitudes musicales.<\/p>\n<p align=\"justify\">Avec pour seul leitmotiv de\u2026 faire plaisir \u00e0 vos tympans et d\u2019assouvir toues les passions musicales\u00a0!<\/p>\n<p align=\"justify\">Un premier concert est pr\u00e9vu le\u00a08 septembre prochain. Venez d\u00e9couvrir les lieux sous une avalanche de d\u00e9cibels et autour d\u2019un bon verre.<\/p>\n<p>&nbsp;<br \/>\nngg_shortcode_0_placeholder<\/p>\n","protected":false},"excerpt":{"rendered":"<p>\u00ab\u00a0Afin de prolonger son aventure musicale annuelle durant le weekend des 24h tout en profitant au&hellip;<\/p>\n","protected":false},"author":1,"featured_media":0,"parent":0,"menu_order":0,"comment_status":"closed","ping_status":"closed","template":"","meta":{"ngg_post_thumbnail":0,"footnotes":""},"class_list":["post-31","page","type-page","status-publish","hentry"],"_links":{"self":[{"href":"http:\/\/2lautcote.be\/index.php\/wp-json\/wp\/v2\/pages\/31","targetHints":{"allow":["GET"]}}],"collection":[{"href":"http:\/\/2lautcote.be\/index.php\/wp-json\/wp\/v2\/pages"}],"about":[{"href":"http:\/\/2lautcote.be\/index.php\/wp-json\/wp\/v2\/types\/page"}],"author":[{"embeddable":true,"href":"http:\/\/2lautcote.be\/index.php\/wp-json\/wp\/v2\/users\/1"}],"replies":[{"embeddable":true,"href":"http:\/\/2lautcote.be\/index.php\/wp-json\/wp\/v2\/comments?post=31"}],"version-history":[{"count":32,"href":"http:\/\/2lautcote.be\/index.php\/wp-json\/wp\/v2\/pages\/31\/revisions"}],"predecessor-version":[{"id":2020,"href":"http:\/\/2lautcote.be\/index.php\/wp-json\/wp\/v2\/pages\/31\/revisions\/2020"}],"wp:attachment":[{"href":"http:\/\/2lautcote.be\/index.php\/wp-json\/wp\/v2\/media?parent=31"}],"curies":[{"name":"wp","href":"https:\/\/api.w.org\/{rel}","templated":true}]}}